{"id":32,"date":"2023-07-12T08:19:34","date_gmt":"2023-07-12T11:19:34","guid":{"rendered":"https:\/\/xn--redebrasileiradetelogas-njc.org\/?page_id=32"},"modified":"2025-02-19T18:23:19","modified_gmt":"2025-02-19T21:23:19","slug":"inscricoes","status":"publish","type":"page","link":"https:\/\/xn--redebrasileiradetelogas-njc.org\/index.php\/inscricoes\/","title":{"rendered":"INSCRI\u00c7\u00d5ES"},"content":{"rendered":"\t\t<div data-elementor-type=\"wp-page\" data-elementor-id=\"32\" class=\"elementor elementor-32\" data-elementor-post-type=\"page\">\n\t\t\t\t\t\t<section class=\"elementor-section elementor-top-section elementor-element elementor-element-02184e6 elementor-section-boxed elementor-section-height-default elementor-section-height-default wpr-particle-no wpr-jarallax-no wpr-parallax-no wpr-sticky-section-no wpr-equal-height-no\" data-id=\"02184e6\" data-element_type=\"section\" data-e-type=\"section\">\n\t\t\t\t\t\t<div class=\"elementor-container elementor-column-gap-default\">\n\t\t\t\t\t<div class=\"elementor-column elementor-col-100 elementor-top-column elementor-element elementor-element-8ba9c7f\" data-id=\"8ba9c7f\" data-element_type=\"column\" data-e-type=\"column\">\n\t\t\t<div class=\"elementor-widget-wrap elementor-element-populated\">\n\t\t\t\t\t\t<div class=\"elementor-element elementor-element-6e01584 elementor-widget elementor-widget-text-editor\" data-id=\"6e01584\" data-element_type=\"widget\" data-e-type=\"widget\" data-widget_type=\"text-editor.default\">\n\t\t\t\t\t\t\t\t\t<p style=\"text-align: center;\"><strong>Cara te\u00f3loga, seja bem vinda! Se est\u00e1 na aba \u201cinscri\u00e7\u00f5es\u201d, certamente deseja saber como se faz para fazer parte dessa Rede de mulheres te\u00f3logas<\/strong><strong>. Leia atentamente abaixo as informa\u00e7\u00f5es.<\/strong><\/p><p style=\"text-align: center;\"><strong>Para se inscrever como membra desta Rede, ser\u00e1 necess\u00e1rio que alguma te\u00f3loga ativa e em dia com a RBT fa\u00e7a a sua indica\u00e7\u00e3o como nova candidata a esse coletivo de mulheres. Como nova candidata dever\u00e1 apresentar seu diploma (ou certificado) de gradua\u00e7\u00e3o em teologia ou de p\u00f3s-gradua\u00e7\u00e3o stricto sensu, em teologia (a documenta\u00e7\u00e3o deve corresponder a alguma Universidade reconhecida pelo MEC).<\/strong><\/p><p style=\"text-align: center;\"><strong>Juntamente com essa documenta\u00e7\u00e3o acad\u00eamica dever\u00e1 apresentar uma Carta de Apoio (que essa membra ativa da Rede dever\u00e1 redigir) te apresentando e que deixe claro o porqu\u00ea deve fazer parte da Rede Brasileira de Te\u00f3logas. <\/strong><\/p><p style=\"text-align: center;\"><strong>A documenta\u00e7\u00e3o acad\u00eamica e a Carta de apoio dever\u00e3o ser encaminhadas \u00e0 Comiss\u00e3o de Secretaria, no e-mail redebrasileiradeteologas@gmail.com.<\/strong><strong> Ap\u00f3s passar por an\u00e1lise e aprova\u00e7\u00e3o da Comiss\u00e3o de Coordena\u00e7\u00e3o, voc\u00ea receber\u00e1 um e-mail de boas-vindas, contendo um link para efetivar sua inscri\u00e7\u00e3o na Rede. Trata-se de um formul\u00e1rio completo, inclusive, contendo os Termos de Autoriza\u00e7\u00e3o de Imagem, de Privacidade e o Termo Financeiro como associada \u00e0 Rede Brasileira de Te\u00f3logas. Salientamos que sejam lidos na \u00edntegra e assim concordados (por aceite eletr\u00f4nico), dever\u00e1 encaminhar o comprovante de pagamento da taxa (anual) para o e-mail da secretaria e, assim, se considere membra ativa desta Rede. N\u00f3s nos sentimos muito felizes em desejar fazer parte desse movimento de mulheres.<\/strong><\/p><p style=\"text-align: center;\"><strong>Para maiores esclarecimentos pode entrar em contato com nossa Comiss\u00e3o de Secretaria, no e-mail redebrasileiradeteologas@gmail.com<\/strong><\/p><h3 style=\"text-align: center;\">\u00a0<\/h3>\t\t\t\t\t\t\t\t<\/div>\n\t\t\t\t<div class=\"elementor-element elementor-element-1710dbe elementor-align-center elementor-widget elementor-widget-button\" data-id=\"1710dbe\" data-element_type=\"widget\" data-e-type=\"widget\" data-widget_type=\"button.default\">\n\t\t\t\t\t\t\t\t\t\t<a class=\"elementor-button elementor-button-link elementor-size-sm\" href=\"http:\/\/xn--redebrasileiradetelogas-njc.org\/wp-content\/uploads\/2024\/04\/modelo-de-carta-de-apoio-novas-integrantes.docx\">\n\t\t\t\t\t\t<span class=\"elementor-button-content-wrapper\">\n\t\t\t\t\t\t<span class=\"elementor-button-icon\">\n\t\t\t\t<svg aria-hidden=\"true\" class=\"e-font-icon-svg e-far-arrow-alt-circle-down\" viewBox=\"0 0 512 512\" xmlns=\"http:\/\/www.w3.org\/2000\/svg\"><path d=\"M256 8C119 8 8 119 8 256s111 248 248 248 248-111 248-248S393 8 256 8zm0 448c-110.5 0-200-89.5-200-200S145.5 56 256 56s200 89.5 200 200-89.5 200-200 200zm-32-316v116h-67c-10.7 0-16 12.9-8.5 20.5l99 99c4.7 4.7 12.3 4.7 17 0l99-99c7.6-7.6 2.2-20.5-8.5-20.5h-67V140c0-6.6-5.4-12-12-12h-40c-6.6 0-12 5.4-12 12z\"><\/path><\/svg>\t\t\t<\/span>\n\t\t\t\t\t\t\t\t\t<span class=\"elementor-button-text\">Modelo de carta de apoio a novas integrantes<\/span>\n\t\t\t\t\t<\/span>\n\t\t\t\t\t<\/a>\n\t\t\t\t\t\t\t\t<\/div>\n\t\t\t\t\t<\/div>\n\t\t<\/div>\n\t\t\t\t\t<\/div>\n\t\t<\/section>\n\t\t\t\t<section class=\"elementor-section elementor-top-section elementor-element elementor-element-df06eaa elementor-section-boxed elementor-section-height-default elementor-section-height-default wpr-particle-no wpr-jarallax-no wpr-parallax-no wpr-sticky-section-no wpr-equal-height-no\" data-id=\"df06eaa\" data-element_type=\"section\" data-e-type=\"section\">\n\t\t\t\t\t\t<div class=\"elementor-container elementor-column-gap-default\">\n\t\t\t\t\t<div class=\"elementor-column elementor-col-100 elementor-top-column elementor-element elementor-element-f49b564\" data-id=\"f49b564\" data-element_type=\"column\" data-e-type=\"column\">\n\t\t\t<div class=\"elementor-widget-wrap elementor-element-populated\">\n\t\t\t\t\t\t<div class=\"elementor-element elementor-element-321d8a0 elementor-widget elementor-widget-spacer\" data-id=\"321d8a0\" data-element_type=\"widget\" data-e-type=\"widget\" data-widget_type=\"spacer.default\">\n\t\t\t\t\t\t\t<div class=\"elementor-spacer\">\n\t\t\t<div class=\"elementor-spacer-inner\"><\/div>\n\t\t<\/div>\n\t\t\t\t\t\t<\/div>\n\t\t\t\t<div class=\"elementor-element elementor-element-f49e5dd elementor-widget elementor-widget-text-editor\" data-id=\"f49e5dd\" data-element_type=\"widget\" data-e-type=\"widget\" data-widget_type=\"text-editor.default\">\n\t\t\t\t\t\t\t\t\t<p style=\"text-align: center;\"><strong><span style=\"vertical-align: inherit;\"><span style=\"vertical-align: inherit;\"><span style=\"vertical-align: inherit;\"><span style=\"vertical-align: inherit;\">AUTORIZA\u00c7\u00c3O PARA DIVULGA\u00c7\u00c3O DE PUBLICA\u00c7\u00d5ES E DOCUMENTOS EM FORMATO ELETR\u00d4NICO (ON-LINE)<\/span><\/span><\/span><\/span><\/strong><\/p><p style=\"text-align: center;\"><strong>\u00a0<\/strong><\/p><p style=\"text-align: center;\"><span style=\"vertical-align: inherit;\"><span style=\"vertical-align: inherit;\"><span style=\"vertical-align: inherit;\"><span style=\"vertical-align: inherit;\">Autorizo \u200b\u200b\u200b\u200ba Rede Brasileira de Te\u00f3logas a reproduzir, inclusive em outro formato ou m\u00eddia e atrav\u00e9s de armazenamento permanente ou tempor\u00e1rio, bem como a publicar na rede mundial de computadores (Internet), na sua biblioteca virtual, entendendo-se os termos \u201creproduzir \u201d e \u201cpublicar\u201d defini\u00e7\u00f5es conforme os incisos VI e I, respectivamente, do artigo 5\u00ba da Lei 9610\/98 de 10\/02\/1998, as publica\u00e7\u00f5es liter\u00e1rias, art\u00edsticas ou cient\u00edficas enviadas para o site da Rede Brasileira de Te\u00f3logas, sem que eu seja pagamento devido a t\u00edtulo de direitos autorais ou qualquer outra esp\u00e9cie de pagamento. Estou ciente de que a publica\u00e7\u00e3o dos textos no site da Rede Brasileira de Te\u00f3logas possui exclusivamente a divulga\u00e7\u00e3o da produ\u00e7\u00e3o acad\u00eamica dos participantes da Rede Brasileira de Te\u00f3logas. Ressaltando que os textos publicados na presente rede n\u00e3o ser\u00e3o in\u00e9ditos nem inviabiliza publica\u00e7\u00e3o posterior. A presente autoriza\u00e7\u00e3o para uso de minha imagem e do som de minha voz \u00e9 concedida a t\u00edtulo gratuito e em car\u00e1ter definitivo, sem que eu tenha qualquer participa\u00e7\u00e3o nos benef\u00edcios eventualmente econ\u00f4micos oriundos da explora\u00e7\u00e3o da obra nos meios e formatos acima especificados. A presente autoriza\u00e7\u00e3o \u00e9 concedida em car\u00e1ter irrevog\u00e1vel e irretrat\u00e1vel.<\/span><\/span><\/span><\/span><\/p><p style=\"text-align: center;\"><strong><span style=\"vertical-align: inherit;\"><span style=\"vertical-align: inherit;\"><span style=\"vertical-align: inherit;\"><span style=\"vertical-align: inherit;\">AUTORIZA\u00c7\u00c3O PARA DIVULGA\u00c7\u00c3O DE IMAGEM E SOM<\/span><\/span><\/span><\/span><\/strong><\/p><p style=\"text-align: center;\"><span style=\"vertical-align: inherit;\"><span style=\"vertical-align: inherit;\"><span style=\"vertical-align: inherit;\"><span style=\"vertical-align: inherit;\">Autorizo \u200b\u200b\u200b\u200ba Rede Brasileira de Te\u00f3logas, a fazer uso da minha imagem e do som da minha voz, a serem veiculadas nos canais do Youtube, Instagram, Facebook, WhatsAAp e no site da Rede Brasileira de Te\u00f3logas.<\/span><\/span><\/span><\/span><\/p><p style=\"text-align: center;\"><span style=\"vertical-align: inherit;\"><span style=\"vertical-align: inherit;\"><span style=\"vertical-align: inherit;\"><span style=\"vertical-align: inherit;\">Pela presente autoriza\u00e7\u00e3o, fica a Rede Brasileira de Te\u00f3loga autorizada a promover, no Brasil e no exterior: a inclus\u00e3o das imagens e do som da minha voz em suportes fonogr\u00e1ficos e\/ou audiovisuais existentes ou que venham a ser desenvolvidos, para fins de reprodu\u00e7\u00e3o, publica\u00e7\u00e3o e distribui\u00e7\u00e3o comercial ou gratuita, em qualquer formato <\/span><\/span><\/span><\/span><strong><span style=\"vertical-align: inherit;\"><span style=\"vertical-align: inherit;\"><span style=\"vertical-align: inherit;\"><span style=\"vertical-align: inherit;\">;<\/span><\/span><\/span><\/span><\/strong><span style=\"vertical-align: inherit;\"><span style=\"vertical-align: inherit;\"><span style=\"vertical-align: inherit;\"><span style=\"vertical-align: inherit;\"> a inclus\u00e3o em produ\u00e7\u00f5es audiovisuais, tais como novelas e filmes de curta e longa-metragem e v\u00eddeos sob qualquer formato, inclusive <\/span><\/span><\/span><\/span><em><span style=\"vertical-align: inherit;\"><span style=\"vertical-align: inherit;\"><span style=\"vertical-align: inherit;\"><span style=\"vertical-align: inherit;\">DVD\u00b4s<\/span><\/span><\/span><\/span><\/em><span style=\"vertical-align: inherit;\"><span style=\"vertical-align: inherit;\"><span style=\"vertical-align: inherit;\"><span style=\"vertical-align: inherit;\"> ; a inclus\u00e3o em faixas interativas, extras, b\u00f4nus e bastidores ( <\/span><\/span><\/span><\/span><em><span style=\"vertical-align: inherit;\"><span style=\"vertical-align: inherit;\"><span style=\"vertical-align: inherit;\"><span style=\"vertical-align: inherit;\">making off<\/span><\/span><\/span><\/span><\/em><span style=\"vertical-align: inherit;\"><span style=\"vertical-align: inherit;\"><span style=\"vertical-align: inherit;\"><span style=\"vertical-align: inherit;\"> ); a reprodu\u00e7\u00e3o parcial ou integral, inclusive em base de dados, o armazenamento em computador, e, em geral, qualquer armazenamento permanente ou tempor\u00e1rio por meios eletr\u00f4nicos ou qualquer outro meio de fixa\u00e7\u00e3o que venha a ser desenvolvido <\/span><\/span><\/span><\/span><strong><span style=\"vertical-align: inherit;\"><span style=\"vertical-align: inherit;\"><span style=\"vertical-align: inherit;\"><span style=\"vertical-align: inherit;\">;<\/span><\/span><\/span><\/span><\/strong><span style=\"vertical-align: inherit;\"><span style=\"vertical-align: inherit;\"><span style=\"vertical-align: inherit;\"><span style=\"vertical-align: inherit;\"> edi\u00e7\u00e3o; a distribui\u00e7\u00e3o para oferta via cabo, fibra \u00f3tica, sat\u00e9lite, ondas ou qualquer outro sistema que permita ao usu\u00e1rio realizar a sele\u00e7\u00e3o da(s) obra(s) para perceb\u00ea-la(s) em um tempo e local previamente especificado por quem formula a demanda, e nos casos em que o acesso \u00e0(s) obra(s) seja feito por qualquer sistema que importe ou n\u00e3o em pagamento pelo usu\u00e1rio <\/span><\/span><\/span><\/span><strong><span style=\"vertical-align: inherit;\"><span style=\"vertical-align: inherit;\"><span style=\"vertical-align: inherit;\"><span style=\"vertical-align: inherit;\">;<\/span><\/span><\/span><\/span><\/strong><span style=\"vertical-align: inherit;\"><span style=\"vertical-align: inherit;\"><span style=\"vertical-align: inherit;\"><span style=\"vertical-align: inherit;\"> a utiliza\u00e7\u00e3o, direta ou indireta, da(s) obra(s), atrav\u00e9s de sua comunica\u00e7\u00e3o ao p\u00fablico; execu\u00e7\u00e3o musical; emprego de alto-falante ou de sistemas anal\u00f3gicos; radiodifus\u00e3o sonora ou televisiva; capta\u00e7\u00e3o de transmiss\u00e3o de radiodifus\u00e3o em locais de frequ\u00eancia coletiva; sonoriza\u00e7\u00e3o ambiental; exibi\u00e7\u00e3o audiovisual; cinematogr\u00e1fico ou por processo semelhante; emprego de sat\u00e9lites artificiais; emprego de sistemas \u00f3pticos, fios telef\u00f4nicos ou n\u00e3o, cabos de qualquer tipo e meios de comunica\u00e7\u00e3o similares que venham a ser adotados, inclusive em ambiente digital ( <\/span><\/span><\/span><\/span><em><span style=\"vertical-align: inherit;\"><span style=\"vertical-align: inherit;\"><span style=\"vertical-align: inherit;\"><span style=\"vertical-align: inherit;\">streaming, download,<\/span><\/span><\/span><\/span><\/em><span style=\"vertical-align: inherit;\"><span style=\"vertical-align: inherit;\"><span style=\"vertical-align: inherit;\"><span style=\"vertical-align: inherit;\"> etc.); a veicula\u00e7\u00e3o na <\/span><\/span><\/span><\/span><em><span style=\"vertical-align: inherit;\"><span style=\"vertical-align: inherit;\"><span style=\"vertical-align: inherit;\"><span style=\"vertical-align: inherit;\">internet<\/span><\/span><\/span><\/span><\/em><span style=\"vertical-align: inherit;\"><span style=\"vertical-align: inherit;\"><span style=\"vertical-align: inherit;\"><span style=\"vertical-align: inherit;\"> e em redes de televis\u00e3o de sinal aberto e\/ou fechado, sem limite de n\u00famero de exibi\u00e7\u00f5es.<\/span><\/span><\/span><\/span><\/p><p style=\"text-align: center;\"><span style=\"vertical-align: inherit;\"><span style=\"vertical-align: inherit;\"><span style=\"vertical-align: inherit;\"><span style=\"vertical-align: inherit;\">A presente autoriza\u00e7\u00e3o para uso de minha imagem e do som de minha voz \u00e9 concedida a t\u00edtulo gratuito e em car\u00e1ter definitivo, sem que eu tenha qualquer participa\u00e7\u00e3o nos benef\u00edcios eventualmente econ\u00f4micos oriundos da explora\u00e7\u00e3o da obra nos meios e formatos acima especificados. A presente autoriza\u00e7\u00e3o \u00e9 concedida em car\u00e1ter irrevog\u00e1vel e irretrat\u00e1vel.<\/span><\/span><\/span><\/span><\/p>\t\t\t\t\t\t\t\t<\/div>\n\t\t\t\t\t<\/div>\n\t\t<\/div>\n\t\t\t\t\t<\/div>\n\t\t<\/section>\n\t\t\t\t<\/div>\n\t\t","protected":false},"excerpt":{"rendered":"<p>Cara te\u00f3loga, seja bem vinda! Se est\u00e1 na aba \u201cinscri\u00e7\u00f5es\u201d, certamente deseja saber como se faz para fazer parte dessa Rede de mulheres te\u00f3logas. Leia atentamente abaixo as informa\u00e7\u00f5es. Para se inscrever como membra desta Rede, ser\u00e1 necess\u00e1rio que alguma te\u00f3loga ativa e em dia com a RBT fa\u00e7a a sua indica\u00e7\u00e3o como nova candidata a esse coletivo de mulheres. Como nova candidata dever\u00e1 apresentar seu diploma (ou certificado) de gradua\u00e7\u00e3o em teologia ou de p\u00f3s-gradua\u00e7\u00e3o stricto sensu, em teologia (a documenta\u00e7\u00e3o deve corresponder a alguma Universidade reconhecida pelo MEC). Juntamente com essa documenta\u00e7\u00e3o acad\u00eamica dever\u00e1 apresentar uma Carta de Apoio (que essa membra ativa da Rede dever\u00e1 redigir) te apresentando e que deixe claro o porqu\u00ea deve fazer parte da Rede Brasileira de Te\u00f3logas. A documenta\u00e7\u00e3o acad\u00eamica e a Carta de apoio dever\u00e3o ser encaminhadas \u00e0 Comiss\u00e3o de Secretaria, no e-mail redebrasileiradeteologas@gmail.com. Ap\u00f3s passar por an\u00e1lise e aprova\u00e7\u00e3o da Comiss\u00e3o de Coordena\u00e7\u00e3o, voc\u00ea receber\u00e1 um e-mail de boas-vindas, contendo um link para efetivar sua inscri\u00e7\u00e3o na Rede. Trata-se de um formul\u00e1rio completo, inclusive, contendo os Termos de Autoriza\u00e7\u00e3o de Imagem, de Privacidade e o Termo Financeiro como associada \u00e0 Rede Brasileira de Te\u00f3logas. Salientamos que sejam lidos na \u00edntegra e assim concordados (por aceite eletr\u00f4nico), dever\u00e1 encaminhar o comprovante de pagamento da taxa (anual) para o e-mail da secretaria e, assim, se considere membra ativa desta Rede. N\u00f3s nos sentimos muito felizes em desejar fazer parte desse movimento de mulheres. Para maiores esclarecimentos pode entrar em contato com nossa Comiss\u00e3o de Secretaria, no e-mail redebrasileiradeteologas@gmail.com \u00a0 Modelo de carta de apoio a novas integrantes AUTORIZA\u00c7\u00c3O PARA DIVULGA\u00c7\u00c3O DE PUBLICA\u00c7\u00d5ES E DOCUMENTOS EM FORMATO ELETR\u00d4NICO (ON-LINE) \u00a0 Autorizo \u200b\u200b\u200b\u200ba Rede Brasileira de Te\u00f3logas a reproduzir, inclusive em outro formato ou m\u00eddia e atrav\u00e9s de armazenamento permanente ou tempor\u00e1rio, bem como a publicar na rede mundial de computadores (Internet), na sua biblioteca virtual, entendendo-se os termos \u201creproduzir \u201d e \u201cpublicar\u201d defini\u00e7\u00f5es conforme os incisos VI e I, respectivamente, do artigo 5\u00ba da Lei 9610\/98 de 10\/02\/1998, as publica\u00e7\u00f5es liter\u00e1rias, art\u00edsticas ou cient\u00edficas enviadas para o site da Rede Brasileira de Te\u00f3logas, sem que eu seja pagamento devido a t\u00edtulo de direitos autorais ou qualquer outra esp\u00e9cie de pagamento. Estou ciente de que a publica\u00e7\u00e3o dos textos no site da Rede Brasileira de Te\u00f3logas possui exclusivamente a divulga\u00e7\u00e3o da produ\u00e7\u00e3o acad\u00eamica dos participantes da Rede Brasileira de Te\u00f3logas. Ressaltando que os textos publicados na presente rede n\u00e3o ser\u00e3o in\u00e9ditos nem inviabiliza publica\u00e7\u00e3o posterior. A presente autoriza\u00e7\u00e3o para uso de minha imagem e do som de minha voz \u00e9 concedida a t\u00edtulo gratuito e em car\u00e1ter definitivo, sem que eu tenha qualquer participa\u00e7\u00e3o nos benef\u00edcios eventualmente econ\u00f4micos oriundos da explora\u00e7\u00e3o da obra nos meios e formatos acima especificados. A presente autoriza\u00e7\u00e3o \u00e9 concedida em car\u00e1ter irrevog\u00e1vel e irretrat\u00e1vel. AUTORIZA\u00c7\u00c3O PARA DIVULGA\u00c7\u00c3O DE IMAGEM E SOM Autorizo \u200b\u200b\u200b\u200ba Rede Brasileira de Te\u00f3logas, a fazer uso da minha imagem e do som da minha voz, a serem veiculadas nos canais do Youtube, Instagram, Facebook, WhatsAAp e no site da Rede Brasileira de Te\u00f3logas. Pela presente autoriza\u00e7\u00e3o, fica a Rede Brasileira de Te\u00f3loga autorizada a promover, no Brasil e no exterior: a inclus\u00e3o das imagens e do som da minha voz em suportes fonogr\u00e1ficos e\/ou audiovisuais existentes ou que venham a ser desenvolvidos, para fins de reprodu\u00e7\u00e3o, publica\u00e7\u00e3o e distribui\u00e7\u00e3o comercial ou gratuita, em qualquer formato ; a inclus\u00e3o em produ\u00e7\u00f5es audiovisuais, tais como novelas e filmes de curta e longa-metragem e v\u00eddeos sob qualquer formato, inclusive DVD\u00b4s ; a inclus\u00e3o em faixas interativas, extras, b\u00f4nus e bastidores ( making off ); a reprodu\u00e7\u00e3o parcial ou integral, inclusive em base de dados, o armazenamento em computador, e, em geral, qualquer armazenamento permanente ou tempor\u00e1rio por meios eletr\u00f4nicos ou qualquer outro meio de fixa\u00e7\u00e3o que venha a ser desenvolvido ; edi\u00e7\u00e3o; a distribui\u00e7\u00e3o para oferta via cabo, fibra \u00f3tica, sat\u00e9lite, ondas ou qualquer outro sistema que permita ao usu\u00e1rio realizar a sele\u00e7\u00e3o da(s) obra(s) para perceb\u00ea-la(s) em um tempo e local previamente especificado por quem formula a demanda, e nos casos em que o acesso \u00e0(s) obra(s) seja feito por qualquer sistema que importe ou n\u00e3o em pagamento pelo usu\u00e1rio ; a utiliza\u00e7\u00e3o, direta ou indireta, da(s) obra(s), atrav\u00e9s de sua comunica\u00e7\u00e3o ao p\u00fablico; execu\u00e7\u00e3o musical; emprego de alto-falante ou de sistemas anal\u00f3gicos; radiodifus\u00e3o sonora ou televisiva; capta\u00e7\u00e3o de transmiss\u00e3o de radiodifus\u00e3o em locais de frequ\u00eancia coletiva; sonoriza\u00e7\u00e3o ambiental; exibi\u00e7\u00e3o audiovisual; cinematogr\u00e1fico ou por processo semelhante; emprego de sat\u00e9lites artificiais; emprego de sistemas \u00f3pticos, fios telef\u00f4nicos ou n\u00e3o, cabos de qualquer tipo e meios de comunica\u00e7\u00e3o similares que venham a ser adotados, inclusive em ambiente digital ( streaming, download, etc.); a veicula\u00e7\u00e3o na internet e em redes de televis\u00e3o de sinal aberto e\/ou fechado, sem limite de n\u00famero de exibi\u00e7\u00f5es. A presente autoriza\u00e7\u00e3o para uso de minha imagem e do som de minha voz \u00e9 concedida a t\u00edtulo gratuito e em car\u00e1ter definitivo, sem que eu tenha qualquer participa\u00e7\u00e3o nos benef\u00edcios eventualmente econ\u00f4micos oriundos da explora\u00e7\u00e3o da obra nos meios e formatos acima especificados. A presente autoriza\u00e7\u00e3o \u00e9 concedida em car\u00e1ter irrevog\u00e1vel e irretrat\u00e1vel.<\/p>\n","protected":false},"author":1,"featured_media":0,"parent":0,"menu_order":0,"comment_status":"closed","ping_status":"closed","template":"elementor_header_footer","meta":{"om_disable_all_campaigns":false,"_monsterinsights_skip_tracking":false,"_monsterinsights_sitenote_active":false,"_monsterinsights_sitenote_note":"","_monsterinsights_sitenote_category":0,"ocean_post_layout":"","ocean_both_sidebars_style":"","ocean_both_sidebars_content_width":0,"ocean_both_sidebars_sidebars_width":0,"ocean_sidebar":"","ocean_second_sidebar":"","ocean_disable_margins":"enable","ocean_add_body_class":"","ocean_shortcode_before_top_bar":"","ocean_shortcode_after_top_bar":"","ocean_shortcode_before_header":"","ocean_shortcode_after_header":"","ocean_has_shortcode":"","ocean_shortcode_after_title":"","ocean_shortcode_before_footer_widgets":"","ocean_shortcode_after_footer_widgets":"","ocean_shortcode_before_footer_bottom":"","ocean_shortcode_after_footer_bottom":"","ocean_display_top_bar":"default","ocean_display_header":"default","ocean_header_style":"","ocean_center_header_left_menu":"","ocean_custom_header_template":"","ocean_custom_logo":0,"ocean_custom_retina_logo":0,"ocean_custom_logo_max_width":0,"ocean_custom_logo_tablet_max_width":0,"ocean_custom_logo_mobile_max_width":0,"ocean_custom_logo_max_height":0,"ocean_custom_logo_tablet_max_height":0,"ocean_custom_logo_mobile_max_height":0,"ocean_header_custom_menu":"","ocean_menu_typo_font_family":"","ocean_menu_typo_font_subset":"","ocean_menu_typo_font_size":0,"ocean_menu_typo_font_size_tablet":0,"ocean_menu_typo_font_size_mobile":0,"ocean_menu_typo_font_size_unit":"px","ocean_menu_typo_font_weight":"","ocean_menu_typo_font_weight_tablet":"","ocean_menu_typo_font_weight_mobile":"","ocean_menu_typo_transform":"","ocean_menu_typo_transform_tablet":"","ocean_menu_typo_transform_mobile":"","ocean_menu_typo_line_height":0,"ocean_menu_typo_line_height_tablet":0,"ocean_menu_typo_line_height_mobile":0,"ocean_menu_typo_line_height_unit":"","ocean_menu_typo_spacing":0,"ocean_menu_typo_spacing_tablet":0,"ocean_menu_typo_spacing_mobile":0,"ocean_menu_typo_spacing_unit":"","ocean_menu_link_color":"","ocean_menu_link_color_hover":"","ocean_menu_link_color_active":"","ocean_menu_link_background":"","ocean_menu_link_hover_background":"","ocean_menu_link_active_background":"","ocean_menu_social_links_bg":"","ocean_menu_social_hover_links_bg":"","ocean_menu_social_links_color":"","ocean_menu_social_hover_links_color":"","ocean_disable_title":"default","ocean_disable_heading":"default","ocean_post_title":"","ocean_post_subheading":"","ocean_post_title_style":"","ocean_post_title_background_color":"","ocean_post_title_background":0,"ocean_post_title_bg_image_position":"","ocean_post_title_bg_image_attachment":"","ocean_post_title_bg_image_repeat":"","ocean_post_title_bg_image_size":"","ocean_post_title_height":0,"ocean_post_title_bg_overlay":0.5,"ocean_post_title_bg_overlay_color":"","ocean_disable_breadcrumbs":"default","ocean_breadcrumbs_color":"","ocean_breadcrumbs_separator_color":"","ocean_breadcrumbs_links_color":"","ocean_breadcrumbs_links_hover_color":"","ocean_display_footer_widgets":"default","ocean_display_footer_bottom":"default","ocean_custom_footer_template":"","footnotes":""},"class_list":["post-32","page","type-page","status-publish","hentry","entry"],"aioseo_notices":[],"_links":{"self":[{"href":"https:\/\/xn--redebrasileiradetelogas-njc.org\/index.php\/wp-json\/wp\/v2\/pages\/32","targetHints":{"allow":["GET"]}}],"collection":[{"href":"https:\/\/xn--redebrasileiradetelogas-njc.org\/index.php\/wp-json\/wp\/v2\/pages"}],"about":[{"href":"https:\/\/xn--redebrasileiradetelogas-njc.org\/index.php\/wp-json\/wp\/v2\/types\/page"}],"author":[{"embeddable":true,"href":"https:\/\/xn--redebrasileiradetelogas-njc.org\/index.php\/wp-json\/wp\/v2\/users\/1"}],"replies":[{"embeddable":true,"href":"https:\/\/xn--redebrasileiradetelogas-njc.org\/index.php\/wp-json\/wp\/v2\/comments?post=32"}],"version-history":[{"count":70,"href":"https:\/\/xn--redebrasileiradetelogas-njc.org\/index.php\/wp-json\/wp\/v2\/pages\/32\/revisions"}],"predecessor-version":[{"id":1574,"href":"https:\/\/xn--redebrasileiradetelogas-njc.org\/index.php\/wp-json\/wp\/v2\/pages\/32\/revisions\/1574"}],"wp:attachment":[{"href":"https:\/\/xn--redebrasileiradetelogas-njc.org\/index.php\/wp-json\/wp\/v2\/media?parent=32"}],"curies":[{"name":"wp","href":"https:\/\/api.w.org\/{rel}","templated":true}]}}